{"id":385,"date":"2022-11-25T16:08:02","date_gmt":"2022-11-25T15:08:02","guid":{"rendered":"https:\/\/esencia-masaznecentrum.sk\/?page_id=385"},"modified":"2025-01-13T21:21:39","modified_gmt":"2025-01-13T20:21:39","slug":"vernostny-program","status":"publish","type":"page","link":"https:\/\/esencia-masaznecentrum.sk\/?page_id=385","title":{"rendered":"Vernostn\u00fd program"},"content":{"rendered":"\t\t<div data-elementor-type=\"wp-page\" data-elementor-id=\"385\" class=\"elementor elementor-385\" data-elementor-post-type=\"page\">\n\t\t\t\t\t\t<section class=\"elementor-section elementor-top-section elementor-element elementor-element-6c86785f elementor-section-full_width elementor-section-stretched elementor-section-height-default elementor-section-height-default\" data-id=\"6c86785f\" data-element_type=\"section\" data-settings=\"{&quot;stretch_section&quot;:&quot;section-stretched&quot;}\">\n\t\t\t\t\t\t<div class=\"elementor-container elementor-column-gap-default\">\n\t\t\t\t\t<div class=\"elementor-column elementor-col-100 elementor-top-column elementor-element elementor-element-3b7366f0\" data-id=\"3b7366f0\" data-element_type=\"column\">\n\t\t\t<div class=\"elementor-widget-wrap elementor-element-populated\">\n\t\t\t\t\t\t<div class=\"elementor-element elementor-element-4e582b43 elementor-widget elementor-widget-text-editor\" data-id=\"4e582b43\" data-element_type=\"widget\" data-widget_type=\"text-editor.default\">\n\t\t\t\t<div class=\"elementor-widget-container\">\n\t\t\t\t\t\t\t\t\t\n<blockquote class=\"wp-block-quote has-text-align-left is-layout-flow wp-block-quote-is-layout-flow\">\n<p style=\"text-align: center;\">Ako to funguje? Nevyu\u017e\u00edvam z\u013eavov\u00e9 port\u00e1ly napriek tomu, \u017ee sa mi z<br \/>\u010dasu na \u010das od nich ozve pr\u00edjemn\u00fd \u017eensk\u00fd hlas s ponukou.<\/p>\n<p style=\"text-align: center;\"><br \/>Pozrel som si ponuky mas\u00e1\u017e\u00ed cez z\u013eavov\u00e9 port\u00e1ly a\u00a0nevydal som sa<br \/>touto cestou. Nie som si ist\u00fd, \u010di je mo\u017en\u00e9 pon\u00faknu\u0165 kvalitu pri celotelovej<br \/>mas\u00e1\u017ei za 45 \u010di 50 min\u00fat. Z\u013eavov\u00fd port\u00e1l si uplatn\u00ed 25% \u010di 30% prov\u00edziu,<br \/>mas\u00e9r je preto n\u00faten\u00fd \u00eds\u0165 hlboko pod cenu. No a tu je probl\u00e9m. Za mas\u00e1\u017e<br \/>cel\u00e9ho tela mu ostane 12 \u010di 18 eur. Preto kr\u00e1ti mas\u00e1\u017e na minut\u00e1\u017ei.<br \/>Pon\u00faka celotelov\u00fa mas\u00e1\u017e za 45 alebo 50 min\u00fat. Telo pro forma<br \/>prehmatk\u00e1, preto\u017ee poctiv\u00fd pr\u00edstup je vyl\u00fa\u010den\u00fd \u2013 ned\u00e1 sa to stihn\u00fa\u0165, aj<br \/>keby mas\u00e9r ve\u013emi chcel. Ak m\u00e1 celotelov\u00e1 mas\u00e1\u017e st\u00e1\u0165 za to, mus\u00edme sa<br \/>bavi\u0165 o minim\u00e1lne 80 a\u017e 90 min\u00fatach.<br \/>Ak sa mas\u00e1\u017e z\u00a0uveden\u00e9ho d\u00f4vodu kr\u00e1ti, spokojn\u00fd je potom len z\u013eavov\u00fd<br \/>port\u00e1l, ur\u010dite v\u0161ak nie klient a ani mas\u00e9r, ktor\u00e9mu to nesta\u010d\u00ed ani na<br \/>vynalo\u017een\u00e9 n\u00e1klady, nie to e\u0161te odmenu za pr\u00e1cu. Na \u010do je to potom<br \/>dobr\u00e9? Pre koho? Pre toho, o koho tu v\u00f4bec nejde?<\/p>\n<p style=\"text-align: center;\"><br \/>Rozhodol som sa preto prezentova\u0165 kvalitou a poctivos\u0165ou, nie lacnotou<br \/>cez z\u013eavomaty. Osved\u010dilo sa mi to. Ak niekto pr\u00edde ku mne na mas\u00e1\u017e, je<br \/>s \u0148ou spokojn\u00fd a prejav\u00ed z\u00e1ujem vr\u00e1ti\u0165 sa, automaticky dostane kartu na<br \/>desa\u0165 n\u00e1v\u0161tev s 7% z\u013eavou. Karta je prenosn\u00e1 a m\u00f4\u017ee sa vyu\u017e\u00edva\u0165 v<br \/>rodinnom kruhu, na pracovisku v \u0161portovom klube, at\u010f. Ak sa cel\u00e1 minie,<br \/>klient dostane nov\u00fa kartu na desa\u0165 n\u00e1v\u0161tev s u\u017e 10% z\u013eavou. Kartu s<br \/>touto z\u013eavou m\u00f4\u017ee vyu\u017e\u00edva\u0165 iba tento klient. V\u0161etci ostatn\u00ed m\u00f4\u017eu po\u017eiada\u0165<br \/>o svoju prenosn\u00fa kartu s 7% z\u013eavou na desa\u0165 n\u00e1v\u0161tev. Po ich minut\u00ed<br \/>dostane prv\u00fd dr\u017eite\u013e karty s 7% z\u013eavou, z\u013eavu 10%, at\u010f.<\/p>\n<p style=\"text-align: center;\"><br \/>Mysl\u00edm si, \u017ee pri tomto pr\u00edstupe bud\u00fa spokojn\u00e9 obe strany a o to predsa<br \/>ide. Klient dosiahne napokon z\u013eavu takmer ako pri z\u013eavovom port\u00e1li,<br \/>navy\u0161e nielen jednorazov\u00fa. Peniaze nejd\u00fa nikomu tretiemu, kto na<br \/>mas\u00e1\u017ei nem\u00e1 \u017eiadny kvalitat\u00edvny podiel, sk\u00f4r naopak\u2026 Uva\u017eujem, aj vy<br \/>uva\u017eujte.<\/p>\n<\/blockquote>\n\t\t\t\t\t\t\t\t<\/div>\n\t\t\t\t<\/div>\n\t\t\t\t\t<\/div>\n\t\t<\/div>\n\t\t\t\t\t<\/div>\n\t\t<\/section>\n\t\t\t\t<\/div>\n\t\t","protected":false},"excerpt":{"rendered":"<p>Ako to funguje? Nevyu\u017e\u00edvam z\u013eavov\u00e9 port\u00e1ly napriek tomu, \u017ee sa mi z\u010dasu na \u010das od nich ozve pr\u00edjemn\u00fd \u017eensk\u00fd hlas s ponukou. Pozrel som si ponuky mas\u00e1\u017e\u00ed cez z\u013eavov\u00e9 port\u00e1ly &hellip; <\/p>\n","protected":false},"author":1,"featured_media":0,"parent":0,"menu_order":0,"comment_status":"closed","ping_status":"closed","template":"","meta":{"footnotes":""},"class_list":["post-385","page","type-page","status-publish","hentry"],"yoast_head":"<!-- This site is optimized with the Yoast SEO plugin v26.8 - https:\/\/yoast.com\/product\/yoast-seo-wordpress\/ -->\n<title>Vernostn\u00fd program - Esencia<\/title>\n<meta name=\"description\" content=\"Vernostn\u00fd program Esencia mas\u00e1\u017ene centrum\" \/>\n<meta name=\"robots\" content=\"index, follow, max-snippet:-1, max-image-preview:large, max-video-preview:-1\" \/>\n<link rel=\"canonical\" href=\"https:\/\/esencia-masaznecentrum.sk\/?page_id=385\" \/>\n<meta property=\"og:locale\" content=\"sk_SK\" \/>\n<meta property=\"og:type\" content=\"article\" \/>\n<meta property=\"og:title\" content=\"Vernostn\u00fd program - Esencia\" \/>\n<meta property=\"og:description\" content=\"Vernostn\u00fd program Esencia mas\u00e1\u017ene centrum\" \/>\n<meta property=\"og:url\" content=\"https:\/\/esencia-masaznecentrum.sk\/?page_id=385\" \/>\n<meta property=\"og:site_name\" content=\"Esencia\" \/>\n<meta property=\"article:modified_time\" content=\"2025-01-13T20:21:39+00:00\" \/>\n<meta name=\"twitter:card\" content=\"summary_large_image\" \/>\n<meta name=\"twitter:label1\" content=\"Predpokladan\u00fd \u010das \u010d\u00edtania\" \/>\n\t<meta name=\"twitter:data1\" content=\"2 min\u00faty\" \/>\n<script type=\"application\/ld+json\" class=\"yoast-schema-graph\">{\"@context\":\"https:\/\/schema.org\",\"@graph\":[{\"@type\":\"WebPage\",\"@id\":\"https:\/\/esencia-masaznecentrum.sk\/?page_id=385\",\"url\":\"https:\/\/esencia-masaznecentrum.sk\/?page_id=385\",\"name\":\"Vernostn\u00fd program - Esencia\",\"isPartOf\":{\"@id\":\"https:\/\/esencia-masaznecentrum.sk\/#website\"},\"datePublished\":\"2022-11-25T15:08:02+00:00\",\"dateModified\":\"2025-01-13T20:21:39+00:00\",\"description\":\"Vernostn\u00fd program Esencia mas\u00e1\u017ene centrum\",\"breadcrumb\":{\"@id\":\"https:\/\/esencia-masaznecentrum.sk\/?page_id=385#breadcrumb\"},\"inLanguage\":\"sk-SK\",\"potentialAction\":[{\"@type\":\"ReadAction\",\"target\":[\"https:\/\/esencia-masaznecentrum.sk\/?page_id=385\"]}]},{\"@type\":\"BreadcrumbList\",\"@id\":\"https:\/\/esencia-masaznecentrum.sk\/?page_id=385#breadcrumb\",\"itemListElement\":[{\"@type\":\"ListItem\",\"position\":1,\"name\":\"Home\",\"item\":\"https:\/\/esencia-masaznecentrum.sk\/\"},{\"@type\":\"ListItem\",\"position\":2,\"name\":\"Vernostn\u00fd program\"}]},{\"@type\":\"WebSite\",\"@id\":\"https:\/\/esencia-masaznecentrum.sk\/#website\",\"url\":\"https:\/\/esencia-masaznecentrum.sk\/\",\"name\":\"Esencia\",\"description\":\"Mas\u00e1\u017ene centrum\",\"publisher\":{\"@id\":\"https:\/\/esencia-masaznecentrum.sk\/#organization\"},\"potentialAction\":[{\"@type\":\"SearchAction\",\"target\":{\"@type\":\"EntryPoint\",\"urlTemplate\":\"https:\/\/esencia-masaznecentrum.sk\/?s={search_term_string}\"},\"query-input\":{\"@type\":\"PropertyValueSpecification\",\"valueRequired\":true,\"valueName\":\"search_term_string\"}}],\"inLanguage\":\"sk-SK\"},{\"@type\":\"Organization\",\"@id\":\"https:\/\/esencia-masaznecentrum.sk\/#organization\",\"name\":\"Esencia\",\"url\":\"https:\/\/esencia-masaznecentrum.sk\/\",\"logo\":{\"@type\":\"ImageObject\",\"inLanguage\":\"sk-SK\",\"@id\":\"https:\/\/esencia-masaznecentrum.sk\/#\/schema\/logo\/image\/\",\"url\":\"https:\/\/esencia-masaznecentrum.sk\/wp-content\/uploads\/2021\/06\/rsz_1esencia-page-001-removebg-preview.png\",\"contentUrl\":\"https:\/\/esencia-masaznecentrum.sk\/wp-content\/uploads\/2021\/06\/rsz_1esencia-page-001-removebg-preview.png\",\"width\":90,\"height\":90,\"caption\":\"Esencia\"},\"image\":{\"@id\":\"https:\/\/esencia-masaznecentrum.sk\/#\/schema\/logo\/image\/\"}}]}<\/script>\n<!-- \/ Yoast SEO plugin. -->","yoast_head_json":{"title":"Vernostn\u00fd program - Esencia","description":"Vernostn\u00fd program Esencia mas\u00e1\u017ene centrum","robots":{"index":"index","follow":"follow","max-snippet":"max-snippet:-1","max-image-preview":"max-image-preview:large","max-video-preview":"max-video-preview:-1"},"canonical":"https:\/\/esencia-masaznecentrum.sk\/?page_id=385","og_locale":"sk_SK","og_type":"article","og_title":"Vernostn\u00fd program - Esencia","og_description":"Vernostn\u00fd program Esencia mas\u00e1\u017ene centrum","og_url":"https:\/\/esencia-masaznecentrum.sk\/?page_id=385","og_site_name":"Esencia","article_modified_time":"2025-01-13T20:21:39+00:00","twitter_card":"summary_large_image","twitter_misc":{"Predpokladan\u00fd \u010das \u010d\u00edtania":"2 min\u00faty"},"schema":{"@context":"https:\/\/schema.org","@graph":[{"@type":"WebPage","@id":"https:\/\/esencia-masaznecentrum.sk\/?page_id=385","url":"https:\/\/esencia-masaznecentrum.sk\/?page_id=385","name":"Vernostn\u00fd program - Esencia","isPartOf":{"@id":"https:\/\/esencia-masaznecentrum.sk\/#website"},"datePublished":"2022-11-25T15:08:02+00:00","dateModified":"2025-01-13T20:21:39+00:00","description":"Vernostn\u00fd program Esencia mas\u00e1\u017ene centrum","breadcrumb":{"@id":"https:\/\/esencia-masaznecentrum.sk\/?page_id=385#breadcrumb"},"inLanguage":"sk-SK","potentialAction":[{"@type":"ReadAction","target":["https:\/\/esencia-masaznecentrum.sk\/?page_id=385"]}]},{"@type":"BreadcrumbList","@id":"https:\/\/esencia-masaznecentrum.sk\/?page_id=385#breadcrumb","itemListElement":[{"@type":"ListItem","position":1,"name":"Home","item":"https:\/\/esencia-masaznecentrum.sk\/"},{"@type":"ListItem","position":2,"name":"Vernostn\u00fd program"}]},{"@type":"WebSite","@id":"https:\/\/esencia-masaznecentrum.sk\/#website","url":"https:\/\/esencia-masaznecentrum.sk\/","name":"Esencia","description":"Mas\u00e1\u017ene centrum","publisher":{"@id":"https:\/\/esencia-masaznecentrum.sk\/#organization"},"potentialAction":[{"@type":"SearchAction","target":{"@type":"EntryPoint","urlTemplate":"https:\/\/esencia-masaznecentrum.sk\/?s={search_term_string}"},"query-input":{"@type":"PropertyValueSpecification","valueRequired":true,"valueName":"search_term_string"}}],"inLanguage":"sk-SK"},{"@type":"Organization","@id":"https:\/\/esencia-masaznecentrum.sk\/#organization","name":"Esencia","url":"https:\/\/esencia-masaznecentrum.sk\/","logo":{"@type":"ImageObject","inLanguage":"sk-SK","@id":"https:\/\/esencia-masaznecentrum.sk\/#\/schema\/logo\/image\/","url":"https:\/\/esencia-masaznecentrum.sk\/wp-content\/uploads\/2021\/06\/rsz_1esencia-page-001-removebg-preview.png","contentUrl":"https:\/\/esencia-masaznecentrum.sk\/wp-content\/uploads\/2021\/06\/rsz_1esencia-page-001-removebg-preview.png","width":90,"height":90,"caption":"Esencia"},"image":{"@id":"https:\/\/esencia-masaznecentrum.sk\/#\/schema\/logo\/image\/"}}]}},"_links":{"self":[{"href":"https:\/\/esencia-masaznecentrum.sk\/index.php?rest_route=\/wp\/v2\/pages\/385","targetHints":{"allow":["GET"]}}],"collection":[{"href":"https:\/\/esencia-masaznecentrum.sk\/index.php?rest_route=\/wp\/v2\/pages"}],"about":[{"href":"https:\/\/esencia-masaznecentrum.sk\/index.php?rest_route=\/wp\/v2\/types\/page"}],"author":[{"embeddable":true,"href":"https:\/\/esencia-masaznecentrum.sk\/index.php?rest_route=\/wp\/v2\/users\/1"}],"replies":[{"embeddable":true,"href":"https:\/\/esencia-masaznecentrum.sk\/index.php?rest_route=%2Fwp%2Fv2%2Fcomments&post=385"}],"version-history":[{"count":6,"href":"https:\/\/esencia-masaznecentrum.sk\/index.php?rest_route=\/wp\/v2\/pages\/385\/revisions"}],"predecessor-version":[{"id":549,"href":"https:\/\/esencia-masaznecentrum.sk\/index.php?rest_route=\/wp\/v2\/pages\/385\/revisions\/549"}],"wp:attachment":[{"href":"https:\/\/esencia-masaznecentrum.sk\/index.php?rest_route=%2Fwp%2Fv2%2Fmedia&parent=385"}],"curies":[{"name":"wp","href":"https:\/\/api.w.org\/{rel}","templated":true}]}}