{"id":198,"date":"2021-06-26T12:49:59","date_gmt":"2021-06-26T10:49:59","guid":{"rendered":"https:\/\/esencia-masaznecentrum.sk\/?page_id=198"},"modified":"2024-11-21T22:47:31","modified_gmt":"2024-11-21T21:47:31","slug":"kontakt","status":"publish","type":"page","link":"https:\/\/esencia-masaznecentrum.sk\/?page_id=198","title":{"rendered":"Kontakt"},"content":{"rendered":"\n\n\n<\/p>\n<figure><img decoding=\"async\" src=\"https:\/\/esencia-masaznecentrum.sk\/wp-content\/uploads\/2024\/04\/IMG_7989-Edit-683x1024.jpg\" alt=\"\" \/><\/figure>\n<p>\n\n<\/p>\n<p><em><strong>Esencia-mas\u00e1\u017ene centrum<\/strong><\/em><\/p>\n<p>\n\n\n<\/p>\n<p><em>Objednanie na mas\u00e1\u017e je mo\u017en\u00e9 len telefonicky. Ak sa nedovol\u00e1te, resp. ak sa V\u00e1m ozve odkazova\u010d, je to preto, \u017ee sa pr\u00e1ve venujem klientovi a nem\u00f4\u017eem V\u00e1\u0161 hovor prija\u0165. Hne\u010f, ako to bude mo\u017en\u00e9, V\u00e1m zavol\u00e1m. Telef\u00f3nne \u010d\u00edslo: +421 915 756 104<\/em><\/p>\n<p>\n\n\n<\/p>\n<p><em><strong>Vybran\u00e9 mas\u00e1\u017ee, po vz\u00e1jomnej konzult\u00e1ci\u00ed, m\u00f4\u017eu by\u0165 vykonan\u00e9 aj u V\u00e1s doma, v pr\u00e1ci, apod.<\/strong><\/em><\/p>\n<p>\n\n<\/p>\n<p>\n\n\n<p style=\"text-align: center;\"><em>N\u00e1jdete ma na adrese: Rezedov\u00e1 \u010d. 27A; Bratislava &#8211; Ru\u017einov; 82101<\/em><\/p>\n<p>\u00a0<\/p>\n\n<div class=\"wpgmza-store-locator wpgmza_sl_main_div\" data-id=\"1\">\r\n\t<div class=\"wpgmza-address-container wpgmza-form-field wpgmza_sl_query_div wpgmza-clearfix\">\r\n\t\t<label class=\"wpgmza-address wpgmza-form-field__label wpgmza-form-field__label--float\" data-name=\"addressLabel\" for=\"addressInput\">PS\u010c \/ adresa:<\/label>\r\n\t\t<input class=\"wpgmza-address\" type=\"text\" placeholder=\"Enter a location\" autocomplete=\"off\" data-name=\"defaultAddress\" value=\"\" id=\"addressInput\" size=\"20\">\r\n\t<\/div>\r\n\t\r\n\t<div class=\"wpgmza-radius-container wpgmza-form-field wpgmza_sl_radius_div wpgmza-clearfix\">\r\n\t\t<label class=\"wpgmza-radius wpgmza-form-field__label wpgmza-form-field__label--float\" for=\"radiusSelect\">\r\n\t\t\tOkruh:\t\t<\/label>\r\n\t\t<select class=\"wpgmza-radius wpgmza-form-field__input wpgmza_sl_radius_select\" id=\"radiusSelect\"><option class=\"wpgmza-radius wpgmza_sl_select_option\" value=\"1\">1km<\/option><option class=\"wpgmza-radius wpgmza_sl_select_option\" value=\"5\">5km<\/option><option class=\"wpgmza-radius wpgmza_sl_select_option\" value=\"10\" selected>10km<\/option><option class=\"wpgmza-radius wpgmza_sl_select_option\" value=\"25\">25km<\/option><option class=\"wpgmza-radius wpgmza_sl_select_option\" value=\"50\">50km<\/option><option class=\"wpgmza-radius wpgmza_sl_select_option\" value=\"75\">75km<\/option><option class=\"wpgmza-radius wpgmza_sl_select_option\" value=\"100\">100km<\/option><option class=\"wpgmza-radius wpgmza_sl_select_option\" value=\"150\">150km<\/option><option class=\"wpgmza-radius wpgmza_sl_select_option\" value=\"200\">200km<\/option><option class=\"wpgmza-radius wpgmza_sl_select_option\" value=\"300\">300km<\/option><\/select>\r\n\t<\/div>\r\n\t\r\n\t<input class=\"wpgmza-search wpgmza_sl_search_button wpgmza_sl_search_button_1\" value=\"Search\" type=\"button\" onclick=\"searchLocations(1)\">\r\n\t\r\n\t<div class=\"wpgmza-no-results wpgmza-not-found-msg js-not-found-msg\" style=\"display: none;\">\r\n\t\t<p data-name=\"notFoundMessage\">V tejto lokalite sa nena\u0161li \u017eiadne v\u00fdsledky. Sk\u00faste to pros\u00edm znova.<\/p>\r\n\t<\/div>\r\n<\/div><div id=\"wpgmza_map\" class=\"wpgmza_map\" data-settings='{\"id\":\"1\",\"map_title\":\"Mapa\",\"map_width\":\"100\",\"map_height\":\"450\",\"map_start_lat\":\"48.15133949999998\",\"map_start_lng\":\"17.1634239\",\"map_start_location\":\"45.950464398418106,-109.81550500000003\",\"map_start_zoom\":\"15\",\"default_marker\":\"\",\"type\":\"1\",\"alignment\":\"4\",\"directions_enabled\":\"0\",\"styling_enabled\":\"0\",\"styling_json\":\"\",\"active\":\"0\",\"kml\":\"\",\"bicycle\":\"0\",\"traffic\":\"0\",\"dbox\":\"0\",\"dbox_width\":\"\",\"listmarkers\":\"0\",\"listmarkers_advanced\":\"0\",\"filterbycat\":\"0\",\"ugm_enabled\":\"0\",\"ugm_category_enabled\":\"0\",\"fusion\":\"\",\"map_width_type\":\"%\",\"map_height_type\":\"px\",\"mass_marker_support\":\"0\",\"ugm_access\":\"0\",\"order_markers_by\":\"0\",\"order_markers_choice\":\"0\",\"show_user_location\":\"0\",\"default_to\":\"\",\"other_settings\":{\"map_type\":1,\"sl_stroke_color\":\"\",\"sl_fill_color\":\"\",\"sl_stroke_opacity\":\"\",\"sl_fill_opacity\":\"\",\"transport_layer\":false,\"action\":\"wpgmza_save_map\",\"redirect_to\":\"\\\/wp-admin\\\/admin-post.php\",\"map_id\":\"1\",\"http_referer\":\"\\\/wp-admin\\\/admin.php?page=wp-google-maps-menu&amp;amp;action=edit&amp;amp;map_id=1\",\"wpgmza_id\":\"1\",\"wpgmza_start_location\":\"48.15133949999998,17.1634239\",\"wpgmza_start_zoom\":\"15\",\"wpgmza_theme_data\":\"\",\"store_locator_enabled\":true,\"store_locator_search_area\":\"radial\",\"wpgmza_store_locator_radius_style\":\"legacy\",\"wpgmza_store_locator_default_radius\":\"10\",\"store_locator_auto_area_max_zoom\":\"\",\"store_locator_distance\":false,\"wpgmza_store_locator_position\":false,\"store_locator_show_distance\":false,\"store_locator_category\":false,\"wpgmza_store_locator_use_their_location\":false,\"wpgmza_store_locator_bounce\":false,\"wpgmza_sl_animation\":null,\"wpgmza_store_locator_hide_before_search\":false,\"store_locator_query_string\":\"\",\"store_locator_default_address\":\"\",\"store_locator_name_search\":false,\"store_locator_name_string\":\"\",\"store_locator_not_found_message\":\"\",\"wpgmza_map_align\":\"2\",\"jump_to_nearest_marker_on_initialization\":false,\"automatically_pan_to_users_location\":false,\"override_users_location_zoom_level\":false,\"override_users_location_zoom_levels\":\"\",\"show_distance_from_location\":false,\"map_max_zoom\":\"21\",\"map_min_zoom\":\"0\",\"click_open_link\":false,\"fit_maps_bounds_to_markers\":false,\"fit_maps_bounds_to_markers_after_filtering\":false,\"hide_point_of_interest\":false,\"wpgmza_zoom_on_marker_click\":false,\"wpgmza_zoom_on_marker_click_slider\":\"\",\"close_infowindow_on_map_click\":false,\"disable_lightbox_images\":false,\"use_Raw_Jpeg_Coordinates\":false,\"polygon_labels\":false,\"disable_polygon_info_windows\":false,\"enable_marker_ratings\":false,\"only_load_markers_within_viewport\":false,\"iw_primary_color\":\"\",\"iw_accent_color\":\"\",\"iw_text_color\":\"\",\"wpgmza_listmarkers_by\":\"0\",\"wpgmza_marker_listing_position\":false,\"wpgmza_push_in_map\":false,\"wpgmza_push_in_map_placement\":null,\"wpgmza_push_in_map_width\":\"\",\"wpgmza_push_in_map_height\":\"\",\"datatable_no_result_message\":\"\",\"remove_search_box_datables\":false,\"dataTable_pagination_style\":null,\"datatable_search_string\":\"\",\"datatable_result_start\":\"\",\"datatable_result_of\":\"\",\"datatable_result_to\":\"\",\"datatable_result_total\":\"\",\"datatable_result_show\":\"\",\"datatable_result_entries\":\"\",\"wpgmza_savemap\":\"Ulo\\u017ei\\u0165 mapu \\u00bb\",\"zoom_level_on_marker_listing_override\":false,\"zoom_level_on_marker_listing_click\":\"\"}}' data-map-id='1' Data-maps-engine='open-layers' data-shortcode-attributes='{\"id\":\"1\"}' style=\"display:block; overflow:auto; width:100%; height:450px; margin-left:auto !important; margin-right:auto; !important; align:center;\"><\/div>\n\n\n<\/p>\n<p>\u00a0<\/p>\n<p>\n\n\n<\/p>","protected":false},"excerpt":{"rendered":"<p>Esencia-mas\u00e1\u017ene centrum Objednanie na mas\u00e1\u017e je mo\u017en\u00e9 len telefonicky. Ak sa nedovol\u00e1te, resp. ak sa V\u00e1m ozve odkazova\u010d, je to preto, \u017ee sa pr\u00e1ve venujem klientovi a nem\u00f4\u017eem V\u00e1\u0161 hovor &hellip; <\/p>\n","protected":false},"author":1,"featured_media":0,"parent":0,"menu_order":0,"comment_status":"closed","ping_status":"closed","template":"","meta":{"footnotes":""},"class_list":["post-198","page","type-page","status-publish","hentry"],"yoast_head":"<!-- This site is optimized with the Yoast SEO plugin v26.8 - https:\/\/yoast.com\/product\/yoast-seo-wordpress\/ -->\n<title>Kontakt - Esencia mas\u00e1\u017ene centrum - Miroslav Kriak<\/title>\n<meta name=\"robots\" content=\"index, follow, max-snippet:-1, max-image-preview:large, max-video-preview:-1\" \/>\n<link rel=\"canonical\" href=\"https:\/\/esencia-masaznecentrum.sk\/?page_id=198\" \/>\n<meta property=\"og:locale\" content=\"sk_SK\" \/>\n<meta property=\"og:type\" content=\"article\" \/>\n<meta property=\"og:title\" content=\"Kontakt - Esencia mas\u00e1\u017ene centrum - Miroslav Kriak\" \/>\n<meta property=\"og:description\" content=\"Esencia-mas\u00e1\u017ene centrum Objednanie na mas\u00e1\u017e je mo\u017en\u00e9 len telefonicky. Ak sa nedovol\u00e1te, resp. ak sa V\u00e1m ozve odkazova\u010d, je to preto, \u017ee sa pr\u00e1ve venujem klientovi a nem\u00f4\u017eem V\u00e1\u0161 hovor &hellip;\" \/>\n<meta property=\"og:url\" content=\"https:\/\/esencia-masaznecentrum.sk\/?page_id=198\" \/>\n<meta property=\"og:site_name\" content=\"Esencia\" \/>\n<meta property=\"article:modified_time\" content=\"2024-11-21T21:47:31+00:00\" \/>\n<meta property=\"og:image\" content=\"https:\/\/esencia-masaznecentrum.sk\/wp-content\/uploads\/2024\/04\/IMG_7989-Edit-683x1024.jpg\" \/>\n<meta name=\"twitter:card\" content=\"summary_large_image\" \/>\n<meta name=\"twitter:label1\" content=\"Predpokladan\u00fd \u010das \u010d\u00edtania\" \/>\n\t<meta name=\"twitter:data1\" content=\"1 min\u00fata\" \/>\n<script type=\"application\/ld+json\" class=\"yoast-schema-graph\">{\"@context\":\"https:\/\/schema.org\",\"@graph\":[{\"@type\":\"WebPage\",\"@id\":\"https:\/\/esencia-masaznecentrum.sk\/?page_id=198\",\"url\":\"https:\/\/esencia-masaznecentrum.sk\/?page_id=198\",\"name\":\"Kontakt - Esencia mas\u00e1\u017ene centrum - Miroslav Kriak\",\"isPartOf\":{\"@id\":\"https:\/\/esencia-masaznecentrum.sk\/#website\"},\"primaryImageOfPage\":{\"@id\":\"https:\/\/esencia-masaznecentrum.sk\/?page_id=198#primaryimage\"},\"image\":{\"@id\":\"https:\/\/esencia-masaznecentrum.sk\/?page_id=198#primaryimage\"},\"thumbnailUrl\":\"https:\/\/esencia-masaznecentrum.sk\/wp-content\/uploads\/2024\/04\/IMG_7989-Edit-683x1024.jpg\",\"datePublished\":\"2021-06-26T10:49:59+00:00\",\"dateModified\":\"2024-11-21T21:47:31+00:00\",\"breadcrumb\":{\"@id\":\"https:\/\/esencia-masaznecentrum.sk\/?page_id=198#breadcrumb\"},\"inLanguage\":\"sk-SK\",\"potentialAction\":[{\"@type\":\"ReadAction\",\"target\":[\"https:\/\/esencia-masaznecentrum.sk\/?page_id=198\"]}]},{\"@type\":\"ImageObject\",\"inLanguage\":\"sk-SK\",\"@id\":\"https:\/\/esencia-masaznecentrum.sk\/?page_id=198#primaryimage\",\"url\":\"\",\"contentUrl\":\"\"},{\"@type\":\"BreadcrumbList\",\"@id\":\"https:\/\/esencia-masaznecentrum.sk\/?page_id=198#breadcrumb\",\"itemListElement\":[{\"@type\":\"ListItem\",\"position\":1,\"name\":\"Home\",\"item\":\"https:\/\/esencia-masaznecentrum.sk\/\"},{\"@type\":\"ListItem\",\"position\":2,\"name\":\"Kontakt\"}]},{\"@type\":\"WebSite\",\"@id\":\"https:\/\/esencia-masaznecentrum.sk\/#website\",\"url\":\"https:\/\/esencia-masaznecentrum.sk\/\",\"name\":\"Esencia\",\"description\":\"Mas\u00e1\u017ene centrum\",\"publisher\":{\"@id\":\"https:\/\/esencia-masaznecentrum.sk\/#organization\"},\"potentialAction\":[{\"@type\":\"SearchAction\",\"target\":{\"@type\":\"EntryPoint\",\"urlTemplate\":\"https:\/\/esencia-masaznecentrum.sk\/?s={search_term_string}\"},\"query-input\":{\"@type\":\"PropertyValueSpecification\",\"valueRequired\":true,\"valueName\":\"search_term_string\"}}],\"inLanguage\":\"sk-SK\"},{\"@type\":\"Organization\",\"@id\":\"https:\/\/esencia-masaznecentrum.sk\/#organization\",\"name\":\"Esencia\",\"url\":\"https:\/\/esencia-masaznecentrum.sk\/\",\"logo\":{\"@type\":\"ImageObject\",\"inLanguage\":\"sk-SK\",\"@id\":\"https:\/\/esencia-masaznecentrum.sk\/#\/schema\/logo\/image\/\",\"url\":\"https:\/\/esencia-masaznecentrum.sk\/wp-content\/uploads\/2021\/06\/rsz_1esencia-page-001-removebg-preview.png\",\"contentUrl\":\"https:\/\/esencia-masaznecentrum.sk\/wp-content\/uploads\/2021\/06\/rsz_1esencia-page-001-removebg-preview.png\",\"width\":90,\"height\":90,\"caption\":\"Esencia\"},\"image\":{\"@id\":\"https:\/\/esencia-masaznecentrum.sk\/#\/schema\/logo\/image\/\"}}]}<\/script>\n<!-- \/ Yoast SEO plugin. -->","yoast_head_json":{"title":"Kontakt - Esencia mas\u00e1\u017ene centrum - Miroslav Kriak","robots":{"index":"index","follow":"follow","max-snippet":"max-snippet:-1","max-image-preview":"max-image-preview:large","max-video-preview":"max-video-preview:-1"},"canonical":"https:\/\/esencia-masaznecentrum.sk\/?page_id=198","og_locale":"sk_SK","og_type":"article","og_title":"Kontakt - Esencia mas\u00e1\u017ene centrum - Miroslav Kriak","og_description":"Esencia-mas\u00e1\u017ene centrum Objednanie na mas\u00e1\u017e je mo\u017en\u00e9 len telefonicky. Ak sa nedovol\u00e1te, resp. ak sa V\u00e1m ozve odkazova\u010d, je to preto, \u017ee sa pr\u00e1ve venujem klientovi a nem\u00f4\u017eem V\u00e1\u0161 hovor &hellip;","og_url":"https:\/\/esencia-masaznecentrum.sk\/?page_id=198","og_site_name":"Esencia","article_modified_time":"2024-11-21T21:47:31+00:00","og_image":[{"url":"https:\/\/esencia-masaznecentrum.sk\/wp-content\/uploads\/2024\/04\/IMG_7989-Edit-683x1024.jpg","type":"","width":"","height":""}],"twitter_card":"summary_large_image","twitter_misc":{"Predpokladan\u00fd \u010das \u010d\u00edtania":"1 min\u00fata"},"schema":{"@context":"https:\/\/schema.org","@graph":[{"@type":"WebPage","@id":"https:\/\/esencia-masaznecentrum.sk\/?page_id=198","url":"https:\/\/esencia-masaznecentrum.sk\/?page_id=198","name":"Kontakt - Esencia mas\u00e1\u017ene centrum - Miroslav Kriak","isPartOf":{"@id":"https:\/\/esencia-masaznecentrum.sk\/#website"},"primaryImageOfPage":{"@id":"https:\/\/esencia-masaznecentrum.sk\/?page_id=198#primaryimage"},"image":{"@id":"https:\/\/esencia-masaznecentrum.sk\/?page_id=198#primaryimage"},"thumbnailUrl":"https:\/\/esencia-masaznecentrum.sk\/wp-content\/uploads\/2024\/04\/IMG_7989-Edit-683x1024.jpg","datePublished":"2021-06-26T10:49:59+00:00","dateModified":"2024-11-21T21:47:31+00:00","breadcrumb":{"@id":"https:\/\/esencia-masaznecentrum.sk\/?page_id=198#breadcrumb"},"inLanguage":"sk-SK","potentialAction":[{"@type":"ReadAction","target":["https:\/\/esencia-masaznecentrum.sk\/?page_id=198"]}]},{"@type":"ImageObject","inLanguage":"sk-SK","@id":"https:\/\/esencia-masaznecentrum.sk\/?page_id=198#primaryimage","url":"","contentUrl":""},{"@type":"BreadcrumbList","@id":"https:\/\/esencia-masaznecentrum.sk\/?page_id=198#breadcrumb","itemListElement":[{"@type":"ListItem","position":1,"name":"Home","item":"https:\/\/esencia-masaznecentrum.sk\/"},{"@type":"ListItem","position":2,"name":"Kontakt"}]},{"@type":"WebSite","@id":"https:\/\/esencia-masaznecentrum.sk\/#website","url":"https:\/\/esencia-masaznecentrum.sk\/","name":"Esencia","description":"Mas\u00e1\u017ene centrum","publisher":{"@id":"https:\/\/esencia-masaznecentrum.sk\/#organization"},"potentialAction":[{"@type":"SearchAction","target":{"@type":"EntryPoint","urlTemplate":"https:\/\/esencia-masaznecentrum.sk\/?s={search_term_string}"},"query-input":{"@type":"PropertyValueSpecification","valueRequired":true,"valueName":"search_term_string"}}],"inLanguage":"sk-SK"},{"@type":"Organization","@id":"https:\/\/esencia-masaznecentrum.sk\/#organization","name":"Esencia","url":"https:\/\/esencia-masaznecentrum.sk\/","logo":{"@type":"ImageObject","inLanguage":"sk-SK","@id":"https:\/\/esencia-masaznecentrum.sk\/#\/schema\/logo\/image\/","url":"https:\/\/esencia-masaznecentrum.sk\/wp-content\/uploads\/2021\/06\/rsz_1esencia-page-001-removebg-preview.png","contentUrl":"https:\/\/esencia-masaznecentrum.sk\/wp-content\/uploads\/2021\/06\/rsz_1esencia-page-001-removebg-preview.png","width":90,"height":90,"caption":"Esencia"},"image":{"@id":"https:\/\/esencia-masaznecentrum.sk\/#\/schema\/logo\/image\/"}}]}},"_links":{"self":[{"href":"https:\/\/esencia-masaznecentrum.sk\/index.php?rest_route=\/wp\/v2\/pages\/198","targetHints":{"allow":["GET"]}}],"collection":[{"href":"https:\/\/esencia-masaznecentrum.sk\/index.php?rest_route=\/wp\/v2\/pages"}],"about":[{"href":"https:\/\/esencia-masaznecentrum.sk\/index.php?rest_route=\/wp\/v2\/types\/page"}],"author":[{"embeddable":true,"href":"https:\/\/esencia-masaznecentrum.sk\/index.php?rest_route=\/wp\/v2\/users\/1"}],"replies":[{"embeddable":true,"href":"https:\/\/esencia-masaznecentrum.sk\/index.php?rest_route=%2Fwp%2Fv2%2Fcomments&post=198"}],"version-history":[{"count":5,"href":"https:\/\/esencia-masaznecentrum.sk\/index.php?rest_route=\/wp\/v2\/pages\/198\/revisions"}],"predecessor-version":[{"id":519,"href":"https:\/\/esencia-masaznecentrum.sk\/index.php?rest_route=\/wp\/v2\/pages\/198\/revisions\/519"}],"wp:attachment":[{"href":"https:\/\/esencia-masaznecentrum.sk\/index.php?rest_route=%2Fwp%2Fv2%2Fmedia&parent=198"}],"curies":[{"name":"wp","href":"https:\/\/api.w.org\/{rel}","templated":true}]}}