{"id":161,"date":"2021-06-16T14:41:07","date_gmt":"2021-06-16T12:41:07","guid":{"rendered":"https:\/\/esencia-masaznecentrum.sk\/?page_id=161"},"modified":"2021-10-30T12:59:14","modified_gmt":"2021-10-30T10:59:14","slug":"darcekove-poukazky","status":"publish","type":"page","link":"https:\/\/esencia-masaznecentrum.sk\/?page_id=161","title":{"rendered":"Dar\u010dekov\u00e9 pouk\u00e1\u017eky"},"content":{"rendered":"\n<div class=\"wp-block-image\"><figure class=\"aligncenter size-large\"><img fetchpriority=\"high\" decoding=\"async\" width=\"1024\" height=\"512\" src=\"https:\/\/esencia-masaznecentrum.sk\/wp-content\/uploads\/2021\/10\/0001-1024x512.jpg\" alt=\"\" class=\"wp-image-316\" srcset=\"https:\/\/esencia-masaznecentrum.sk\/wp-content\/uploads\/2021\/10\/0001-1024x512.jpg 1024w, https:\/\/esencia-masaznecentrum.sk\/wp-content\/uploads\/2021\/10\/0001-300x150.jpg 300w, https:\/\/esencia-masaznecentrum.sk\/wp-content\/uploads\/2021\/10\/0001-768x384.jpg 768w, https:\/\/esencia-masaznecentrum.sk\/wp-content\/uploads\/2021\/10\/0001-1536x768.jpg 1536w, https:\/\/esencia-masaznecentrum.sk\/wp-content\/uploads\/2021\/10\/0001-2048x1024.jpg 2048w, https:\/\/esencia-masaznecentrum.sk\/wp-content\/uploads\/2021\/10\/0001-120x60.jpg 120w\" sizes=\"(max-width: 1024px) 100vw, 1024px\" \/><\/figure><\/div>\n\n\n<p style=\"text-align: center;\"><strong>Hodnotu pouk\u00e1\u017eky si zvol\u00edte pri jej k\u00fape v mas\u00e1\u017enom centre.<\/strong><\/p>","protected":false},"excerpt":{"rendered":"<p>Hodnotu pouk\u00e1\u017eky si zvol\u00edte pri jej k\u00fape v mas\u00e1\u017enom centre.<\/p>\n","protected":false},"author":1,"featured_media":0,"parent":0,"menu_order":0,"comment_status":"closed","ping_status":"closed","template":"","meta":{"footnotes":""},"class_list":["post-161","page","type-page","status-publish","hentry"],"yoast_head":"<!-- This site is optimized with the Yoast SEO plugin v26.8 - https:\/\/yoast.com\/product\/yoast-seo-wordpress\/ -->\n<title>Dar\u010dekov\u00e9 pouk\u00e1\u017eky - Esencia<\/title>\n<meta name=\"robots\" content=\"index, follow, max-snippet:-1, max-image-preview:large, max-video-preview:-1\" \/>\n<link rel=\"canonical\" href=\"https:\/\/esencia-masaznecentrum.sk\/?page_id=161\" \/>\n<meta property=\"og:locale\" content=\"sk_SK\" \/>\n<meta property=\"og:type\" content=\"article\" \/>\n<meta property=\"og:title\" content=\"Dar\u010dekov\u00e9 pouk\u00e1\u017eky - Esencia\" \/>\n<meta property=\"og:description\" content=\"Hodnotu pouk\u00e1\u017eky si zvol\u00edte pri jej k\u00fape v mas\u00e1\u017enom centre.\" \/>\n<meta property=\"og:url\" content=\"https:\/\/esencia-masaznecentrum.sk\/?page_id=161\" \/>\n<meta property=\"og:site_name\" content=\"Esencia\" \/>\n<meta property=\"article:modified_time\" content=\"2021-10-30T10:59:14+00:00\" \/>\n<meta property=\"og:image\" content=\"https:\/\/esencia-masaznecentrum.sk\/wp-content\/uploads\/2021\/10\/0001-1024x512.jpg\" \/>\n<meta name=\"twitter:card\" content=\"summary_large_image\" \/>\n<meta name=\"twitter:label1\" content=\"Predpokladan\u00fd \u010das \u010d\u00edtania\" \/>\n\t<meta name=\"twitter:data1\" content=\"1 min\u00fata\" \/>\n<script type=\"application\/ld+json\" class=\"yoast-schema-graph\">{\"@context\":\"https:\/\/schema.org\",\"@graph\":[{\"@type\":\"WebPage\",\"@id\":\"https:\/\/esencia-masaznecentrum.sk\/?page_id=161\",\"url\":\"https:\/\/esencia-masaznecentrum.sk\/?page_id=161\",\"name\":\"Dar\u010dekov\u00e9 pouk\u00e1\u017eky - Esencia\",\"isPartOf\":{\"@id\":\"https:\/\/esencia-masaznecentrum.sk\/#website\"},\"primaryImageOfPage\":{\"@id\":\"https:\/\/esencia-masaznecentrum.sk\/?page_id=161#primaryimage\"},\"image\":{\"@id\":\"https:\/\/esencia-masaznecentrum.sk\/?page_id=161#primaryimage\"},\"thumbnailUrl\":\"https:\/\/esencia-masaznecentrum.sk\/wp-content\/uploads\/2021\/10\/0001-1024x512.jpg\",\"datePublished\":\"2021-06-16T12:41:07+00:00\",\"dateModified\":\"2021-10-30T10:59:14+00:00\",\"breadcrumb\":{\"@id\":\"https:\/\/esencia-masaznecentrum.sk\/?page_id=161#breadcrumb\"},\"inLanguage\":\"sk-SK\",\"potentialAction\":[{\"@type\":\"ReadAction\",\"target\":[\"https:\/\/esencia-masaznecentrum.sk\/?page_id=161\"]}]},{\"@type\":\"ImageObject\",\"inLanguage\":\"sk-SK\",\"@id\":\"https:\/\/esencia-masaznecentrum.sk\/?page_id=161#primaryimage\",\"url\":\"https:\/\/esencia-masaznecentrum.sk\/wp-content\/uploads\/2021\/10\/0001.jpg\",\"contentUrl\":\"https:\/\/esencia-masaznecentrum.sk\/wp-content\/uploads\/2021\/10\/0001.jpg\",\"width\":2245,\"height\":1123},{\"@type\":\"BreadcrumbList\",\"@id\":\"https:\/\/esencia-masaznecentrum.sk\/?page_id=161#breadcrumb\",\"itemListElement\":[{\"@type\":\"ListItem\",\"position\":1,\"name\":\"Home\",\"item\":\"https:\/\/esencia-masaznecentrum.sk\/\"},{\"@type\":\"ListItem\",\"position\":2,\"name\":\"Dar\u010dekov\u00e9 pouk\u00e1\u017eky\"}]},{\"@type\":\"WebSite\",\"@id\":\"https:\/\/esencia-masaznecentrum.sk\/#website\",\"url\":\"https:\/\/esencia-masaznecentrum.sk\/\",\"name\":\"Esencia\",\"description\":\"Mas\u00e1\u017ene centrum\",\"publisher\":{\"@id\":\"https:\/\/esencia-masaznecentrum.sk\/#organization\"},\"potentialAction\":[{\"@type\":\"SearchAction\",\"target\":{\"@type\":\"EntryPoint\",\"urlTemplate\":\"https:\/\/esencia-masaznecentrum.sk\/?s={search_term_string}\"},\"query-input\":{\"@type\":\"PropertyValueSpecification\",\"valueRequired\":true,\"valueName\":\"search_term_string\"}}],\"inLanguage\":\"sk-SK\"},{\"@type\":\"Organization\",\"@id\":\"https:\/\/esencia-masaznecentrum.sk\/#organization\",\"name\":\"Esencia\",\"url\":\"https:\/\/esencia-masaznecentrum.sk\/\",\"logo\":{\"@type\":\"ImageObject\",\"inLanguage\":\"sk-SK\",\"@id\":\"https:\/\/esencia-masaznecentrum.sk\/#\/schema\/logo\/image\/\",\"url\":\"https:\/\/esencia-masaznecentrum.sk\/wp-content\/uploads\/2021\/06\/rsz_1esencia-page-001-removebg-preview.png\",\"contentUrl\":\"https:\/\/esencia-masaznecentrum.sk\/wp-content\/uploads\/2021\/06\/rsz_1esencia-page-001-removebg-preview.png\",\"width\":90,\"height\":90,\"caption\":\"Esencia\"},\"image\":{\"@id\":\"https:\/\/esencia-masaznecentrum.sk\/#\/schema\/logo\/image\/\"}}]}<\/script>\n<!-- \/ Yoast SEO plugin. -->","yoast_head_json":{"title":"Dar\u010dekov\u00e9 pouk\u00e1\u017eky - Esencia","robots":{"index":"index","follow":"follow","max-snippet":"max-snippet:-1","max-image-preview":"max-image-preview:large","max-video-preview":"max-video-preview:-1"},"canonical":"https:\/\/esencia-masaznecentrum.sk\/?page_id=161","og_locale":"sk_SK","og_type":"article","og_title":"Dar\u010dekov\u00e9 pouk\u00e1\u017eky - Esencia","og_description":"Hodnotu pouk\u00e1\u017eky si zvol\u00edte pri jej k\u00fape v mas\u00e1\u017enom centre.","og_url":"https:\/\/esencia-masaznecentrum.sk\/?page_id=161","og_site_name":"Esencia","article_modified_time":"2021-10-30T10:59:14+00:00","og_image":[{"url":"https:\/\/esencia-masaznecentrum.sk\/wp-content\/uploads\/2021\/10\/0001-1024x512.jpg","type":"","width":"","height":""}],"twitter_card":"summary_large_image","twitter_misc":{"Predpokladan\u00fd \u010das \u010d\u00edtania":"1 min\u00fata"},"schema":{"@context":"https:\/\/schema.org","@graph":[{"@type":"WebPage","@id":"https:\/\/esencia-masaznecentrum.sk\/?page_id=161","url":"https:\/\/esencia-masaznecentrum.sk\/?page_id=161","name":"Dar\u010dekov\u00e9 pouk\u00e1\u017eky - Esencia","isPartOf":{"@id":"https:\/\/esencia-masaznecentrum.sk\/#website"},"primaryImageOfPage":{"@id":"https:\/\/esencia-masaznecentrum.sk\/?page_id=161#primaryimage"},"image":{"@id":"https:\/\/esencia-masaznecentrum.sk\/?page_id=161#primaryimage"},"thumbnailUrl":"https:\/\/esencia-masaznecentrum.sk\/wp-content\/uploads\/2021\/10\/0001-1024x512.jpg","datePublished":"2021-06-16T12:41:07+00:00","dateModified":"2021-10-30T10:59:14+00:00","breadcrumb":{"@id":"https:\/\/esencia-masaznecentrum.sk\/?page_id=161#breadcrumb"},"inLanguage":"sk-SK","potentialAction":[{"@type":"ReadAction","target":["https:\/\/esencia-masaznecentrum.sk\/?page_id=161"]}]},{"@type":"ImageObject","inLanguage":"sk-SK","@id":"https:\/\/esencia-masaznecentrum.sk\/?page_id=161#primaryimage","url":"https:\/\/esencia-masaznecentrum.sk\/wp-content\/uploads\/2021\/10\/0001.jpg","contentUrl":"https:\/\/esencia-masaznecentrum.sk\/wp-content\/uploads\/2021\/10\/0001.jpg","width":2245,"height":1123},{"@type":"BreadcrumbList","@id":"https:\/\/esencia-masaznecentrum.sk\/?page_id=161#breadcrumb","itemListElement":[{"@type":"ListItem","position":1,"name":"Home","item":"https:\/\/esencia-masaznecentrum.sk\/"},{"@type":"ListItem","position":2,"name":"Dar\u010dekov\u00e9 pouk\u00e1\u017eky"}]},{"@type":"WebSite","@id":"https:\/\/esencia-masaznecentrum.sk\/#website","url":"https:\/\/esencia-masaznecentrum.sk\/","name":"Esencia","description":"Mas\u00e1\u017ene centrum","publisher":{"@id":"https:\/\/esencia-masaznecentrum.sk\/#organization"},"potentialAction":[{"@type":"SearchAction","target":{"@type":"EntryPoint","urlTemplate":"https:\/\/esencia-masaznecentrum.sk\/?s={search_term_string}"},"query-input":{"@type":"PropertyValueSpecification","valueRequired":true,"valueName":"search_term_string"}}],"inLanguage":"sk-SK"},{"@type":"Organization","@id":"https:\/\/esencia-masaznecentrum.sk\/#organization","name":"Esencia","url":"https:\/\/esencia-masaznecentrum.sk\/","logo":{"@type":"ImageObject","inLanguage":"sk-SK","@id":"https:\/\/esencia-masaznecentrum.sk\/#\/schema\/logo\/image\/","url":"https:\/\/esencia-masaznecentrum.sk\/wp-content\/uploads\/2021\/06\/rsz_1esencia-page-001-removebg-preview.png","contentUrl":"https:\/\/esencia-masaznecentrum.sk\/wp-content\/uploads\/2021\/06\/rsz_1esencia-page-001-removebg-preview.png","width":90,"height":90,"caption":"Esencia"},"image":{"@id":"https:\/\/esencia-masaznecentrum.sk\/#\/schema\/logo\/image\/"}}]}},"_links":{"self":[{"href":"https:\/\/esencia-masaznecentrum.sk\/index.php?rest_route=\/wp\/v2\/pages\/161","targetHints":{"allow":["GET"]}}],"collection":[{"href":"https:\/\/esencia-masaznecentrum.sk\/index.php?rest_route=\/wp\/v2\/pages"}],"about":[{"href":"https:\/\/esencia-masaznecentrum.sk\/index.php?rest_route=\/wp\/v2\/types\/page"}],"author":[{"embeddable":true,"href":"https:\/\/esencia-masaznecentrum.sk\/index.php?rest_route=\/wp\/v2\/users\/1"}],"replies":[{"embeddable":true,"href":"https:\/\/esencia-masaznecentrum.sk\/index.php?rest_route=%2Fwp%2Fv2%2Fcomments&post=161"}],"version-history":[{"count":6,"href":"https:\/\/esencia-masaznecentrum.sk\/index.php?rest_route=\/wp\/v2\/pages\/161\/revisions"}],"predecessor-version":[{"id":317,"href":"https:\/\/esencia-masaznecentrum.sk\/index.php?rest_route=\/wp\/v2\/pages\/161\/revisions\/317"}],"wp:attachment":[{"href":"https:\/\/esencia-masaznecentrum.sk\/index.php?rest_route=%2Fwp%2Fv2%2Fmedia&parent=161"}],"curies":[{"name":"wp","href":"https:\/\/api.w.org\/{rel}","templated":true}]}}